{"id":1446,"date":"2026-04-23T07:43:19","date_gmt":"2026-04-23T07:43:19","guid":{"rendered":"https:\/\/tiptopmallorca.com\/cookie-richtlinie\/"},"modified":"2026-04-23T08:00:26","modified_gmt":"2026-04-23T08:00:26","slug":"cookie-richtlinie","status":"publish","type":"page","link":"https:\/\/tiptopmallorca.com\/de\/cookie-richtlinie\/","title":{"rendered":"Cookie-Richtlinie"},"content":{"rendered":"\t\t<div data-elementor-type=\"wp-page\" data-elementor-id=\"1446\" class=\"elementor elementor-1446 elementor-1444\" data-elementor-post-type=\"page\">\n\t\t\t\t<div class=\"elementor-element elementor-element-26f70a9e e-flex e-con-boxed e-con e-parent\" data-id=\"26f70a9e\" data-element_type=\"container\" data-e-type=\"container\">\n\t\t\t\t\t<div class=\"e-con-inner\">\n\t\t\t\t<div class=\"elementor-element elementor-element-73eb5b84 text elementor-widget elementor-widget-text-editor\" data-id=\"73eb5b84\" data-element_type=\"widget\" data-e-type=\"widget\" data-widget_type=\"text-editor.default\">\n\t\t\t\t\t\t\t\t\t<h3 class=\"wp-block-heading\">1. Was sind Cookies?<\/h3><p>Cookies sind kleine Textdateien, die auf Ihrem Ger\u00e4t gespeichert werden, wenn Sie eine Website besuchen. Sie helfen, die Benutzerfreundlichkeit zu verbessern und liefern analytische Daten. <\/p><h3 class=\"wp-block-heading\">2. Verwendete Arten von Cookies<\/h3><p>Diese Website kann die folgenden Arten von Cookies verwenden:<\/p><p class=\"wp-block-heading\"><b>Technische Cookies<\/b><br>Notwendig f\u00fcr das reibungslose Funktionieren der Website.<\/p><p class=\"wp-block-heading\"><b>Analytische Cookies<br><\/b>Werden verwendet, um anonyme Statistiken \u00fcber das Nutzerverhalten zu sammeln (z.B. Google Analytics).<\/p><p class=\"wp-block-heading\"><b>Personalisierungs-Cookies<br><\/b>Erm\u00f6glichen es der Website, sich an die Pr\u00e4ferenzen des Benutzers zu erinnern.<\/p><p class=\"wp-block-heading\"><b>Werbe-Cookies<br><\/b>Werden verwendet, um relevante Werbung anzuzeigen (falls zutreffend).<\/p><h3 class=\"wp-block-heading\">3. Cookies von Drittanbietern<\/h3><p>Diese Website kann Dienste von Drittanbietern nutzen, die Cookies installieren, wie z. B.:<\/p><ul class=\"wp-block-list\"><li style=\"list-style-type: none;\"> <\/li><\/ul><ul class=\"wp-block-list\"><li style=\"list-style-type: none;\"><ul class=\"wp-block-list\"><li>Google Analytics<\/li><\/ul><\/li><\/ul><ul class=\"wp-block-list\"><li style=\"list-style-type: none;\"><ul class=\"wp-block-list\"><li>Plattformen f\u00fcr soziale Medien<\/li><\/ul><\/li><\/ul><p>Diese Dritten k\u00f6nnen Daten gem\u00e4\u00df ihren eigenen Datenschutzrichtlinien verarbeiten.<\/p><h3 class=\"wp-block-heading\">4. Cookies verwalten<\/h3><p>Benutzer k\u00f6nnen Cookies \u00fcber das Cookie-Banner auf der Website akzeptieren, ablehnen oder konfigurieren.<\/p><p>Au\u00dferdem k\u00f6nnen Benutzer Cookies \u00fcber ihre Browsereinstellungen verwalten:<\/p><ul class=\"wp-block-list\"><li style=\"list-style-type: none;\"> <\/li><\/ul><ul class=\"wp-block-list\"><li style=\"list-style-type: none;\"><ul class=\"wp-block-list\"><li>Cookies blockieren oder l\u00f6schen<\/li><\/ul><\/li><\/ul><ul class=\"wp-block-list\"><li style=\"list-style-type: none;\"><ul class=\"wp-block-list\"><li>Benachrichtigungen konfigurieren<\/li><\/ul><\/li><\/ul><h3 class=\"wp-block-heading\">5. Rechtsgrundlage<\/h3><p>Die Verwendung nicht-essentieller Cookies basiert auf der Zustimmung des Benutzers, in \u00dcbereinstimmung mit der Allgemeinen Datenschutzverordnung (GDPR).<\/p><h3 class=\"wp-block-heading\">6. Aktualisiert<\/h3><p>Diese Cookie-Richtlinie kann jederzeit aktualisiert werden. Wir empfehlen den Benutzern, sie regelm\u00e4\u00dfig zu \u00fcberpr\u00fcfen. <\/p><h3 class=\"wp-block-heading\">7. Kontakt<\/h3><p>Bei Fragen zu dieser Cookie-Richtlinie wenden Sie sich bitte an:<\/p><p>E-Mail: info@tiptopmallorca.com<\/p>\t\t\t\t\t\t\t\t<\/div>\n\t\t\t\t\t<\/div>\n\t\t\t\t<\/div>\n\t\t\t\t<\/div>\n\t\t","protected":false},"excerpt":{"rendered":"<p>1. Was sind Cookies? Cookies sind kleine Textdateien, die auf Ihrem Ger\u00e4t gespeichert werden, wenn Sie eine Website besuchen. Sie helfen, die Benutzerfreundlichkeit zu verbessern und liefern analytische Daten. 2. Verwendete Arten von Cookies Diese Website kann die folgenden Arten von Cookies verwenden: Technische CookiesNotwendig f\u00fcr das reibungslose Funktionieren der Website. Analytische CookiesWerden verwendet, um [&hellip;]<\/p>\n","protected":false},"author":1,"featured_media":0,"parent":0,"menu_order":0,"comment_status":"closed","ping_status":"closed","template":"","meta":{"footnotes":""},"class_list":["post-1446","page","type-page","status-publish","hentry"],"yoast_head":"<!-- This site is optimized with the Yoast SEO plugin v27.4 - https:\/\/yoast.com\/product\/yoast-seo-wordpress\/ -->\n<title>Cookie-Richtlinie - Tip Top Mallorca<\/title>\n<meta name=\"robots\" content=\"index, follow, max-snippet:-1, max-image-preview:large, max-video-preview:-1\" \/>\n<link rel=\"canonical\" href=\"https:\/\/tiptopmallorca.com\/de\/cookie-richtlinie\/\" \/>\n<meta property=\"og:locale\" content=\"de_DE\" \/>\n<meta property=\"og:type\" content=\"article\" \/>\n<meta property=\"og:title\" content=\"Cookie-Richtlinie - Tip Top Mallorca\" \/>\n<meta property=\"og:description\" content=\"1. Was sind Cookies? Cookies sind kleine Textdateien, die auf Ihrem Ger\u00e4t gespeichert werden, wenn Sie eine Website besuchen. Sie helfen, die Benutzerfreundlichkeit zu verbessern und liefern analytische Daten. 2. Verwendete Arten von Cookies Diese Website kann die folgenden Arten von Cookies verwenden: Technische CookiesNotwendig f\u00fcr das reibungslose Funktionieren der Website. Analytische CookiesWerden verwendet, um [&hellip;]\" \/>\n<meta property=\"og:url\" content=\"https:\/\/tiptopmallorca.com\/de\/cookie-richtlinie\/\" \/>\n<meta property=\"og:site_name\" content=\"Tip Top Mallorca\" \/>\n<meta property=\"article:modified_time\" content=\"2026-04-23T08:00:26+00:00\" \/>\n<meta property=\"og:image\" content=\"https:\/\/tiptopmallorca.com\/wp-content\/uploads\/2026\/04\/markilux-mx-3-4.jpg\" \/>\n\t<meta property=\"og:image:width\" content=\"540\" \/>\n\t<meta property=\"og:image:height\" content=\"360\" \/>\n\t<meta property=\"og:image:type\" content=\"image\/jpeg\" \/>\n<meta name=\"twitter:card\" content=\"summary_large_image\" \/>\n<meta name=\"twitter:label1\" content=\"Gesch\u00e4tzte Lesezeit\" \/>\n\t<meta name=\"twitter:data1\" content=\"1\u00a0Minute\" \/>\n<script type=\"application\/ld+json\" class=\"yoast-schema-graph\">{\"@context\":\"https:\\\/\\\/schema.org\",\"@graph\":[{\"@type\":\"WebPage\",\"@id\":\"https:\\\/\\\/tiptopmallorca.com\\\/de\\\/cookie-richtlinie\\\/\",\"url\":\"https:\\\/\\\/tiptopmallorca.com\\\/de\\\/cookie-richtlinie\\\/\",\"name\":\"Cookie-Richtlinie - Tip Top Mallorca\",\"isPartOf\":{\"@id\":\"https:\\\/\\\/tiptopmallorca.com\\\/de\\\/#website\"},\"datePublished\":\"2026-04-23T07:43:19+00:00\",\"dateModified\":\"2026-04-23T08:00:26+00:00\",\"breadcrumb\":{\"@id\":\"https:\\\/\\\/tiptopmallorca.com\\\/de\\\/cookie-richtlinie\\\/#breadcrumb\"},\"inLanguage\":\"de\",\"potentialAction\":[{\"@type\":\"ReadAction\",\"target\":[\"https:\\\/\\\/tiptopmallorca.com\\\/de\\\/cookie-richtlinie\\\/\"]}]},{\"@type\":\"BreadcrumbList\",\"@id\":\"https:\\\/\\\/tiptopmallorca.com\\\/de\\\/cookie-richtlinie\\\/#breadcrumb\",\"itemListElement\":[{\"@type\":\"ListItem\",\"position\":1,\"name\":\"Home\",\"item\":\"https:\\\/\\\/tiptopmallorca.com\\\/de\\\/startseite\\\/\"},{\"@type\":\"ListItem\",\"position\":2,\"name\":\"Cookie-Richtlinie\"}]},{\"@type\":\"WebSite\",\"@id\":\"https:\\\/\\\/tiptopmallorca.com\\\/de\\\/#website\",\"url\":\"https:\\\/\\\/tiptopmallorca.com\\\/de\\\/\",\"name\":\"Tip Top Mallorca\",\"description\":\"\",\"publisher\":{\"@id\":\"https:\\\/\\\/tiptopmallorca.com\\\/de\\\/#organization\"},\"potentialAction\":[{\"@type\":\"SearchAction\",\"target\":{\"@type\":\"EntryPoint\",\"urlTemplate\":\"https:\\\/\\\/tiptopmallorca.com\\\/de\\\/?s={search_term_string}\"},\"query-input\":{\"@type\":\"PropertyValueSpecification\",\"valueRequired\":true,\"valueName\":\"search_term_string\"}}],\"inLanguage\":\"de\"},{\"@type\":\"Organization\",\"@id\":\"https:\\\/\\\/tiptopmallorca.com\\\/de\\\/#organization\",\"name\":\"Tip Top Mallorca\",\"url\":\"https:\\\/\\\/tiptopmallorca.com\\\/de\\\/\",\"logo\":{\"@type\":\"ImageObject\",\"inLanguage\":\"de\",\"@id\":\"https:\\\/\\\/tiptopmallorca.com\\\/de\\\/#\\\/schema\\\/logo\\\/image\\\/\",\"url\":\"https:\\\/\\\/tiptopmallorca.com\\\/wp-content\\\/uploads\\\/2026\\\/01\\\/tiptop-mallorca-logo.png\",\"contentUrl\":\"https:\\\/\\\/tiptopmallorca.com\\\/wp-content\\\/uploads\\\/2026\\\/01\\\/tiptop-mallorca-logo.png\",\"width\":305,\"height\":58,\"caption\":\"Tip Top Mallorca\"},\"image\":{\"@id\":\"https:\\\/\\\/tiptopmallorca.com\\\/de\\\/#\\\/schema\\\/logo\\\/image\\\/\"}}]}<\/script>\n<!-- \/ Yoast SEO plugin. -->","yoast_head_json":{"title":"Cookie-Richtlinie - Tip Top Mallorca","robots":{"index":"index","follow":"follow","max-snippet":"max-snippet:-1","max-image-preview":"max-image-preview:large","max-video-preview":"max-video-preview:-1"},"canonical":"https:\/\/tiptopmallorca.com\/de\/cookie-richtlinie\/","og_locale":"de_DE","og_type":"article","og_title":"Cookie-Richtlinie - Tip Top Mallorca","og_description":"1. Was sind Cookies? Cookies sind kleine Textdateien, die auf Ihrem Ger\u00e4t gespeichert werden, wenn Sie eine Website besuchen. Sie helfen, die Benutzerfreundlichkeit zu verbessern und liefern analytische Daten. 2. Verwendete Arten von Cookies Diese Website kann die folgenden Arten von Cookies verwenden: Technische CookiesNotwendig f\u00fcr das reibungslose Funktionieren der Website. Analytische CookiesWerden verwendet, um [&hellip;]","og_url":"https:\/\/tiptopmallorca.com\/de\/cookie-richtlinie\/","og_site_name":"Tip Top Mallorca","article_modified_time":"2026-04-23T08:00:26+00:00","og_image":[{"width":540,"height":360,"url":"https:\/\/tiptopmallorca.com\/wp-content\/uploads\/2026\/04\/markilux-mx-3-4.jpg","type":"image\/jpeg"}],"twitter_card":"summary_large_image","twitter_misc":{"Gesch\u00e4tzte Lesezeit":"1\u00a0Minute"},"schema":{"@context":"https:\/\/schema.org","@graph":[{"@type":"WebPage","@id":"https:\/\/tiptopmallorca.com\/de\/cookie-richtlinie\/","url":"https:\/\/tiptopmallorca.com\/de\/cookie-richtlinie\/","name":"Cookie-Richtlinie - Tip Top Mallorca","isPartOf":{"@id":"https:\/\/tiptopmallorca.com\/de\/#website"},"datePublished":"2026-04-23T07:43:19+00:00","dateModified":"2026-04-23T08:00:26+00:00","breadcrumb":{"@id":"https:\/\/tiptopmallorca.com\/de\/cookie-richtlinie\/#breadcrumb"},"inLanguage":"de","potentialAction":[{"@type":"ReadAction","target":["https:\/\/tiptopmallorca.com\/de\/cookie-richtlinie\/"]}]},{"@type":"BreadcrumbList","@id":"https:\/\/tiptopmallorca.com\/de\/cookie-richtlinie\/#breadcrumb","itemListElement":[{"@type":"ListItem","position":1,"name":"Home","item":"https:\/\/tiptopmallorca.com\/de\/startseite\/"},{"@type":"ListItem","position":2,"name":"Cookie-Richtlinie"}]},{"@type":"WebSite","@id":"https:\/\/tiptopmallorca.com\/de\/#website","url":"https:\/\/tiptopmallorca.com\/de\/","name":"Tip Top Mallorca","description":"","publisher":{"@id":"https:\/\/tiptopmallorca.com\/de\/#organization"},"potentialAction":[{"@type":"SearchAction","target":{"@type":"EntryPoint","urlTemplate":"https:\/\/tiptopmallorca.com\/de\/?s={search_term_string}"},"query-input":{"@type":"PropertyValueSpecification","valueRequired":true,"valueName":"search_term_string"}}],"inLanguage":"de"},{"@type":"Organization","@id":"https:\/\/tiptopmallorca.com\/de\/#organization","name":"Tip Top Mallorca","url":"https:\/\/tiptopmallorca.com\/de\/","logo":{"@type":"ImageObject","inLanguage":"de","@id":"https:\/\/tiptopmallorca.com\/de\/#\/schema\/logo\/image\/","url":"https:\/\/tiptopmallorca.com\/wp-content\/uploads\/2026\/01\/tiptop-mallorca-logo.png","contentUrl":"https:\/\/tiptopmallorca.com\/wp-content\/uploads\/2026\/01\/tiptop-mallorca-logo.png","width":305,"height":58,"caption":"Tip Top Mallorca"},"image":{"@id":"https:\/\/tiptopmallorca.com\/de\/#\/schema\/logo\/image\/"}}]}},"_links":{"self":[{"href":"https:\/\/tiptopmallorca.com\/de\/wp-json\/wp\/v2\/pages\/1446","targetHints":{"allow":["GET"]}}],"collection":[{"href":"https:\/\/tiptopmallorca.com\/de\/wp-json\/wp\/v2\/pages"}],"about":[{"href":"https:\/\/tiptopmallorca.com\/de\/wp-json\/wp\/v2\/types\/page"}],"author":[{"embeddable":true,"href":"https:\/\/tiptopmallorca.com\/de\/wp-json\/wp\/v2\/users\/1"}],"replies":[{"embeddable":true,"href":"https:\/\/tiptopmallorca.com\/de\/wp-json\/wp\/v2\/comments?post=1446"}],"version-history":[{"count":4,"href":"https:\/\/tiptopmallorca.com\/de\/wp-json\/wp\/v2\/pages\/1446\/revisions"}],"predecessor-version":[{"id":1497,"href":"https:\/\/tiptopmallorca.com\/de\/wp-json\/wp\/v2\/pages\/1446\/revisions\/1497"}],"wp:attachment":[{"href":"https:\/\/tiptopmallorca.com\/de\/wp-json\/wp\/v2\/media?parent=1446"}],"curies":[{"name":"wp","href":"https:\/\/api.w.org\/{rel}","templated":true}]}}